{"id":45457,"date":"2025-02-13T12:21:42","date_gmt":"2025-02-13T12:21:42","guid":{"rendered":"https:\/\/siteyacht-r020uit1iy.live-website.com\/a-propos\/"},"modified":"2025-03-04T12:48:05","modified_gmt":"2025-03-04T12:48:05","slug":"bourniquel-yachts-a-propos","status":"publish","type":"page","link":"https:\/\/byacht.com\/fr\/bourniquel-yachts-a-propos\/","title":{"rendered":"\u00c0 Propos"},"content":{"rendered":"\t\t<div data-elementor-type=\"wp-page\" data-elementor-id=\"45457\" class=\"elementor elementor-45457 elementor-45441\">\n\t\t\t\t\t\t<section class=\"elementor-section elementor-top-section elementor-element elementor-element-6a392e3 elementor-section-height-min-height animated-slow elementor-section-boxed elementor-section-height-default elementor-section-items-middle elementor-invisible\" data-id=\"6a392e3\" data-element_type=\"section\" data-e-type=\"section\" data-settings=\"{&quot;background_background&quot;:&quot;classic&quot;,&quot;animation&quot;:&quot;fadeIn&quot;}\">\n\t\t\t\t\t\t\t<div class=\"elementor-background-overlay\"><\/div>\n\t\t\t\t\t\t\t<div class=\"elementor-container elementor-column-gap-default\">\n\t\t\t\t\t<div class=\"elementor-column elementor-col-100 elementor-top-column elementor-element elementor-element-b85c21f\" data-id=\"b85c21f\" data-element_type=\"column\" data-e-type=\"column\">\n\t\t\t<div class=\"elementor-widget-wrap\">\n\t\t\t\t\t\t\t<\/div>\n\t\t<\/div>\n\t\t\t\t\t<\/div>\n\t\t<\/section>\n\t\t\t\t<section class=\"elementor-section elementor-top-section elementor-element elementor-element-e26fe9e elementor-section-boxed elementor-section-height-default elementor-section-height-default\" data-id=\"e26fe9e\" data-element_type=\"section\" data-e-type=\"section\">\n\t\t\t\t\t\t<div class=\"elementor-container elementor-column-gap-default\">\n\t\t\t\t\t<div class=\"elementor-column elementor-col-100 elementor-top-column elementor-element elementor-element-5f35382\" data-id=\"5f35382\" data-element_type=\"column\" data-e-type=\"column\">\n\t\t\t<div class=\"elementor-widget-wrap elementor-element-populated\">\n\t\t\t\t\t\t<section class=\"elementor-section elementor-inner-section elementor-element elementor-element-650781b elementor-reverse-mobile elementor-section-boxed elementor-section-height-default elementor-section-height-default\" data-id=\"650781b\" data-element_type=\"section\" data-e-type=\"section\">\n\t\t\t\t\t\t<div class=\"elementor-container elementor-column-gap-default\">\n\t\t\t\t\t<div class=\"elementor-column elementor-col-33 elementor-inner-column elementor-element elementor-element-577f8cd\" data-id=\"577f8cd\" data-element_type=\"column\" data-e-type=\"column\">\n\t\t\t<div class=\"elementor-widget-wrap elementor-element-populated\">\n\t\t\t\t\t\t<div class=\"elementor-element elementor-element-e1c913a animated-slow elementor-invisible elementor-widget elementor-widget-image\" data-id=\"e1c913a\" data-element_type=\"widget\" data-e-type=\"widget\" data-settings=\"{&quot;_animation&quot;:&quot;fadeIn&quot;}\" data-widget_type=\"image.default\">\n\t\t\t\t<div class=\"elementor-widget-container\">\n\t\t\t\t\t\t\t\t\t\t\t\t\t\t\t<img fetchpriority=\"high\" decoding=\"async\" width=\"800\" height=\"800\" src=\"https:\/\/byacht.com\/wp-content\/uploads\/2025\/02\/9-1.png\" class=\"attachment-large size-large wp-image-45446\" alt=\"Bourniquel Yatchs logo\" srcset=\"https:\/\/byacht.com\/wp-content\/uploads\/2025\/02\/9-1.png 800w, https:\/\/byacht.com\/wp-content\/uploads\/2025\/02\/9-1-300x300.png 300w, https:\/\/byacht.com\/wp-content\/uploads\/2025\/02\/9-1-150x150.png 150w, https:\/\/byacht.com\/wp-content\/uploads\/2025\/02\/9-1-768x768.png 768w, https:\/\/byacht.com\/wp-content\/uploads\/2025\/02\/9-1-780x780.png 780w, https:\/\/byacht.com\/wp-content\/uploads\/2025\/02\/9-1-600x600.png 600w, https:\/\/byacht.com\/wp-content\/uploads\/2025\/02\/9-1-496x496.png 496w\" sizes=\"(max-width: 800px) 100vw, 800px\" title=\"\">\t\t\t\t\t\t\t\t\t\t\t\t\t\t\t<\/div>\n\t\t\t\t<\/div>\n\t\t\t\t<div class=\"elementor-element elementor-element-8fdf4e7 animated-slow elementor-list-item-link-inline elementor-icon-list--layout-traditional elementor-invisible elementor-widget elementor-widget-icon-list\" data-id=\"8fdf4e7\" data-element_type=\"widget\" data-e-type=\"widget\" data-settings=\"{&quot;_animation&quot;:&quot;fadeInUp&quot;}\" data-widget_type=\"icon-list.default\">\n\t\t\t\t<div class=\"elementor-widget-container\">\n\t\t\t\t\t\t\t<ul class=\"elementor-icon-list-items\">\n\t\t\t\t\t\t\t<li class=\"elementor-icon-list-item\">\n\t\t\t\t\t\t\t\t\t\t\t<a href=\"\">\n\n\t\t\t\t\t\t\t\t\t\t\t\t<span class=\"elementor-icon-list-icon\">\n\t\t\t\t\t\t\t<svg xmlns=\"http:\/\/www.w3.org\/2000\/svg\" viewBox=\"0 0 60 60\"><g transform=\"matrix(2.5,0,0,2.5,0,0)\"><defs><style>.a{fill:none;stroke:#A89D74;stroke-linecap:round;stroke-linejoin:round;stroke-width:1.5px;}<\/style><\/defs><title>read-email-at<\/title><path class=\"a\" d=\"M17.25,12A5.25,5.25,0,1,1,12,6.75,5.25,5.25,0,0,1,17.25,12Z\"><\/path><path class=\"a\" d=\"M17.25,12v2.25a3,3,0,0,0,6,0V12a11.249,11.249,0,1,0-4.5,9\"><\/path><\/g><\/svg>\t\t\t\t\t\t<\/span>\n\t\t\t\t\t\t\t\t\t\t<span class=\"elementor-icon-list-text\"> info@byacht.com<\/span>\n\t\t\t\t\t\t\t\t\t\t\t<\/a>\n\t\t\t\t\t\t\t\t\t<\/li>\n\t\t\t\t\t\t<\/ul>\n\t\t\t\t\t\t<\/div>\n\t\t\t\t<\/div>\n\t\t\t\t\t<\/div>\n\t\t<\/div>\n\t\t\t\t<div class=\"elementor-column elementor-col-33 elementor-inner-column elementor-element elementor-element-9da231e\" data-id=\"9da231e\" data-element_type=\"column\" data-e-type=\"column\">\n\t\t\t<div class=\"elementor-widget-wrap\">\n\t\t\t\t\t\t\t<\/div>\n\t\t<\/div>\n\t\t\t\t<div class=\"elementor-column elementor-col-33 elementor-inner-column elementor-element elementor-element-7c22c2d\" data-id=\"7c22c2d\" data-element_type=\"column\" data-e-type=\"column\">\n\t\t\t<div class=\"elementor-widget-wrap elementor-element-populated\">\n\t\t\t\t\t\t<div class=\"elementor-element elementor-element-08b18dd elementor-widget elementor-widget-spacer\" data-id=\"08b18dd\" data-element_type=\"widget\" data-e-type=\"widget\" data-widget_type=\"spacer.default\">\n\t\t\t\t<div class=\"elementor-widget-container\">\n\t\t\t\t\t\t\t<div class=\"elementor-spacer\">\n\t\t\t<div class=\"elementor-spacer-inner\"><\/div>\n\t\t<\/div>\n\t\t\t\t\t\t<\/div>\n\t\t\t\t<\/div>\n\t\t\t\t<div class=\"elementor-element elementor-element-9173efc animated-slow elementor-invisible elementor-widget elementor-widget-heading\" data-id=\"9173efc\" data-element_type=\"widget\" data-e-type=\"widget\" data-settings=\"{&quot;_animation&quot;:&quot;fadeInUp&quot;}\" data-widget_type=\"heading.default\">\n\t\t\t\t<div class=\"elementor-widget-container\">\n\t\t\t\t\t<div class=\"elementor-heading-title elementor-size-default\">\u00c0 PROPOS \u2013 Bourniquel Yachts | Vente de Yachts <\/div>\t\t\t\t<\/div>\n\t\t\t\t<\/div>\n\t\t\t\t<div class=\"elementor-element elementor-element-ca26f0a animated-slow elementor-invisible elementor-widget elementor-widget-heading\" data-id=\"ca26f0a\" data-element_type=\"widget\" data-e-type=\"widget\" data-settings=\"{&quot;_animation&quot;:&quot;fadeInUp&quot;}\" data-widget_type=\"heading.default\">\n\t\t\t\t<div class=\"elementor-widget-container\">\n\t\t\t\t\t<h2 class=\"elementor-heading-title elementor-size-default\">Un Expert de la Vente de Yachts \u00e0 Votre Service<\/h2>\t\t\t\t<\/div>\n\t\t\t\t<\/div>\n\t\t\t\t<div class=\"elementor-element elementor-element-d2f9951 animated-slow elementor-invisible elementor-widget elementor-widget-text-editor\" data-id=\"d2f9951\" data-element_type=\"widget\" data-e-type=\"widget\" data-settings=\"{&quot;_animation&quot;:&quot;fadeInUp&quot;}\" data-widget_type=\"text-editor.default\">\n\t\t\t\t<div class=\"elementor-widget-container\">\n\t\t\t\t\t\t\t\t\t<p data-start=\"0\" data-end=\"244\"><strong>Depuis plus de 25 ans, Bourniquel Yachts s\u2019impose comme une r\u00e9f\u00e9rence dans le courtage de yachts de luxe.<\/strong>\u00a0Fort de\u00a0notre comp\u00e9tence et de notre rayonnement international, nous accompagnons acheteurs et vendeurs dans toutes les \u00e9tapes d\u2019une transaction s\u00e9curis\u00e9e et efficace.<\/p><p data-start=\"246\" data-end=\"536\">Que vous cherchiez un\u00a0<strong>bateau \u00e0 moteur, un voilier\u00a0<\/strong><strong>ou un catamaran,<\/strong>\u00a0nous\u00a0vous proposons\u00a0une s\u00e9lection rigoureuse de bateaux \u00e0 vendre dans le monde entier.<\/p><p data-start=\"246\" data-end=\"536\">Notre mission est\u00a0claire\u00a0:\u00a0<strong>vous offrir\u00a0<\/strong><strong>notre exp\u00e9rience pour l\u2019achat ou la vente de votre bateau en toute confidentialit\u00e9.<\/strong><\/p><p data-start=\"246\" data-end=\"536\"><strong><br \/>Efficacit\u00e9 \/ S\u00e9curit\u00e9 \/ Discr\u00e9tion<\/strong><\/p>\t\t\t\t\t\t\t\t<\/div>\n\t\t\t\t<\/div>\n\t\t\t\t<div class=\"elementor-element elementor-element-835bd93 elementor-widget elementor-widget-spacer\" data-id=\"835bd93\" data-element_type=\"widget\" data-e-type=\"widget\" data-widget_type=\"spacer.default\">\n\t\t\t\t<div class=\"elementor-widget-container\">\n\t\t\t\t\t\t\t<div class=\"elementor-spacer\">\n\t\t\t<div class=\"elementor-spacer-inner\"><\/div>\n\t\t<\/div>\n\t\t\t\t\t\t<\/div>\n\t\t\t\t<\/div>\n\t\t\t\t\t<\/div>\n\t\t<\/div>\n\t\t\t\t\t<\/div>\n\t\t<\/section>\n\t\t\t\t\t<\/div>\n\t\t<\/div>\n\t\t\t\t\t<\/div>\n\t\t<\/section>\n\t\t\t\t<section class=\"elementor-section elementor-top-section elementor-element elementor-element-33624a6 elementor-section-full_width elementor-section-height-default elementor-section-height-default\" data-id=\"33624a6\" data-element_type=\"section\" data-e-type=\"section\" data-settings=\"{&quot;background_background&quot;:&quot;classic&quot;}\">\n\t\t\t\t\t\t<div class=\"elementor-container elementor-column-gap-default\">\n\t\t\t\t\t<div class=\"elementor-column elementor-col-100 elementor-top-column elementor-element elementor-element-add6f78\" data-id=\"add6f78\" data-element_type=\"column\" data-e-type=\"column\">\n\t\t\t<div class=\"elementor-widget-wrap elementor-element-populated\">\n\t\t\t\t\t\t<div class=\"elementor-element elementor-element-c160b8b elementor-widget elementor-widget-spacer\" data-id=\"c160b8b\" data-element_type=\"widget\" data-e-type=\"widget\" data-widget_type=\"spacer.default\">\n\t\t\t\t<div class=\"elementor-widget-container\">\n\t\t\t\t\t\t\t<div class=\"elementor-spacer\">\n\t\t\t<div class=\"elementor-spacer-inner\"><\/div>\n\t\t<\/div>\n\t\t\t\t\t\t<\/div>\n\t\t\t\t<\/div>\n\t\t\t\t<section class=\"elementor-section elementor-inner-section elementor-element elementor-element-9e2e1fe animated-slow elementor-section-boxed elementor-section-height-default elementor-section-height-default elementor-invisible\" data-id=\"9e2e1fe\" data-element_type=\"section\" data-e-type=\"section\" data-settings=\"{&quot;animation&quot;:&quot;fadeIn&quot;}\">\n\t\t\t\t\t\t<div class=\"elementor-container elementor-column-gap-wider\">\n\t\t\t\t\t<div class=\"elementor-column elementor-col-50 elementor-inner-column elementor-element elementor-element-cc2d912\" data-id=\"cc2d912\" data-element_type=\"column\" data-e-type=\"column\">\n\t\t\t<div class=\"elementor-widget-wrap elementor-element-populated\">\n\t\t\t\t\t\t<div class=\"elementor-element elementor-element-3ced56d elementor-widget elementor-widget-image\" data-id=\"3ced56d\" data-element_type=\"widget\" data-e-type=\"widget\" data-widget_type=\"image.default\">\n\t\t\t\t<div class=\"elementor-widget-container\">\n\t\t\t\t\t\t\t\t\t\t\t\t\t\t\t<img decoding=\"async\" width=\"300\" height=\"300\" src=\"https:\/\/byacht.com\/wp-content\/uploads\/2025\/02\/Vente-de-yatch_6-1-300x300.webp\" class=\"attachment-medium size-medium wp-image-48780\" alt=\"\" srcset=\"https:\/\/byacht.com\/wp-content\/uploads\/2025\/02\/Vente-de-yatch_6-1-300x300.webp 300w, https:\/\/byacht.com\/wp-content\/uploads\/2025\/02\/Vente-de-yatch_6-1-150x150.webp 150w, https:\/\/byacht.com\/wp-content\/uploads\/2025\/02\/Vente-de-yatch_6-1-600x600.webp 600w, https:\/\/byacht.com\/wp-content\/uploads\/2025\/02\/Vente-de-yatch_6-1-496x496.webp 496w, https:\/\/byacht.com\/wp-content\/uploads\/2025\/02\/Vente-de-yatch_6-1.webp 750w\" sizes=\"(max-width: 300px) 100vw, 300px\" title=\"\">\t\t\t\t\t\t\t\t\t\t\t\t\t\t\t<\/div>\n\t\t\t\t<\/div>\n\t\t\t\t<div class=\"elementor-element elementor-element-b0fa188 elementor-widget elementor-widget-heading\" data-id=\"b0fa188\" data-element_type=\"widget\" data-e-type=\"widget\" data-widget_type=\"heading.default\">\n\t\t\t\t<div class=\"elementor-widget-container\">\n\t\t\t\t\t<h4 class=\"elementor-heading-title elementor-size-default\">Didier Bourniquel<\/h4>\t\t\t\t<\/div>\n\t\t\t\t<\/div>\n\t\t\t\t<div class=\"elementor-element elementor-element-672743d elementor-icon-list--layout-traditional elementor-list-item-link-full_width elementor-widget elementor-widget-icon-list\" data-id=\"672743d\" data-element_type=\"widget\" data-e-type=\"widget\" data-widget_type=\"icon-list.default\">\n\t\t\t\t<div class=\"elementor-widget-container\">\n\t\t\t\t\t\t\t<ul class=\"elementor-icon-list-items\">\n\t\t\t\t\t\t\t<li class=\"elementor-icon-list-item\">\n\t\t\t\t\t\t\t\t\t\t<span class=\"elementor-icon-list-text\">G\u00e9rant fondateur<\/span>\n\t\t\t\t\t\t\t\t\t<\/li>\n\t\t\t\t\t\t<\/ul>\n\t\t\t\t\t\t<\/div>\n\t\t\t\t<\/div>\n\t\t\t\t\t<\/div>\n\t\t<\/div>\n\t\t\t\t<div class=\"elementor-column elementor-col-50 elementor-inner-column elementor-element elementor-element-ceae5c3\" data-id=\"ceae5c3\" data-element_type=\"column\" data-e-type=\"column\">\n\t\t\t<div class=\"elementor-widget-wrap elementor-element-populated\">\n\t\t\t\t\t\t<div class=\"elementor-element elementor-element-0d81234 elementor-widget elementor-widget-image\" data-id=\"0d81234\" data-element_type=\"widget\" data-e-type=\"widget\" data-widget_type=\"image.default\">\n\t\t\t\t<div class=\"elementor-widget-container\">\n\t\t\t\t\t\t\t\t\t\t\t\t\t\t\t<img decoding=\"async\" width=\"300\" height=\"300\" src=\"https:\/\/byacht.com\/wp-content\/uploads\/2025\/02\/Vente-de-yatch_7-1-300x300.webp\" class=\"attachment-medium size-medium wp-image-48782\" alt=\"\" srcset=\"https:\/\/byacht.com\/wp-content\/uploads\/2025\/02\/Vente-de-yatch_7-1-300x300.webp 300w, https:\/\/byacht.com\/wp-content\/uploads\/2025\/02\/Vente-de-yatch_7-1-150x150.webp 150w, https:\/\/byacht.com\/wp-content\/uploads\/2025\/02\/Vente-de-yatch_7-1-600x600.webp 600w, https:\/\/byacht.com\/wp-content\/uploads\/2025\/02\/Vente-de-yatch_7-1-496x496.webp 496w, https:\/\/byacht.com\/wp-content\/uploads\/2025\/02\/Vente-de-yatch_7-1.webp 750w\" sizes=\"(max-width: 300px) 100vw, 300px\" title=\"\">\t\t\t\t\t\t\t\t\t\t\t\t\t\t\t<\/div>\n\t\t\t\t<\/div>\n\t\t\t\t<div class=\"elementor-element elementor-element-279945c elementor-widget elementor-widget-heading\" data-id=\"279945c\" data-element_type=\"widget\" data-e-type=\"widget\" data-widget_type=\"heading.default\">\n\t\t\t\t<div class=\"elementor-widget-container\">\n\t\t\t\t\t<h4 class=\"elementor-heading-title elementor-size-default\">Rachel Busato<\/h4>\t\t\t\t<\/div>\n\t\t\t\t<\/div>\n\t\t\t\t<div class=\"elementor-element elementor-element-9ed7496 elementor-icon-list--layout-traditional elementor-list-item-link-full_width elementor-widget elementor-widget-icon-list\" data-id=\"9ed7496\" data-element_type=\"widget\" data-e-type=\"widget\" data-widget_type=\"icon-list.default\">\n\t\t\t\t<div class=\"elementor-widget-container\">\n\t\t\t\t\t\t\t<ul class=\"elementor-icon-list-items\">\n\t\t\t\t\t\t\t<li class=\"elementor-icon-list-item\">\n\t\t\t\t\t\t\t\t\t\t<span class=\"elementor-icon-list-text\">Associ\u00e9e &amp; Consultante<\/span>\n\t\t\t\t\t\t\t\t\t<\/li>\n\t\t\t\t\t\t<\/ul>\n\t\t\t\t\t\t<\/div>\n\t\t\t\t<\/div>\n\t\t\t\t\t<\/div>\n\t\t<\/div>\n\t\t\t\t\t<\/div>\n\t\t<\/section>\n\t\t\t\t\t<\/div>\n\t\t<\/div>\n\t\t\t\t\t<\/div>\n\t\t<\/section>\n\t\t\t\t<section class=\"elementor-section elementor-top-section elementor-element elementor-element-ac17834 elementor-section-full_width elementor-section-height-default elementor-section-height-default\" data-id=\"ac17834\" data-element_type=\"section\" data-e-type=\"section\" data-settings=\"{&quot;background_background&quot;:&quot;classic&quot;}\">\n\t\t\t\t\t\t<div class=\"elementor-container elementor-column-gap-default\">\n\t\t\t\t\t<div class=\"elementor-column elementor-col-100 elementor-top-column elementor-element elementor-element-65e6f74\" data-id=\"65e6f74\" data-element_type=\"column\" data-e-type=\"column\">\n\t\t\t<div class=\"elementor-widget-wrap elementor-element-populated\">\n\t\t\t\t\t\t<div class=\"elementor-element elementor-element-10bc79b elementor-widget elementor-widget-spacer\" data-id=\"10bc79b\" data-element_type=\"widget\" data-e-type=\"widget\" data-widget_type=\"spacer.default\">\n\t\t\t\t<div class=\"elementor-widget-container\">\n\t\t\t\t\t\t\t<div class=\"elementor-spacer\">\n\t\t\t<div class=\"elementor-spacer-inner\"><\/div>\n\t\t<\/div>\n\t\t\t\t\t\t<\/div>\n\t\t\t\t<\/div>\n\t\t\t\t<div class=\"elementor-element elementor-element-7373e60 animated-slow elementor-invisible elementor-widget elementor-widget-heading\" data-id=\"7373e60\" data-element_type=\"widget\" data-e-type=\"widget\" data-settings=\"{&quot;_animation&quot;:&quot;fadeInLeft&quot;}\" data-widget_type=\"heading.default\">\n\t\t\t\t<div class=\"elementor-widget-container\">\n\t\t\t\t\t<h2 class=\"elementor-heading-title elementor-size-default\">Nos Services de Courtage de Yachts Sur-Mesure<\/h2>\t\t\t\t<\/div>\n\t\t\t\t<\/div>\n\t\t\t\t<div class=\"elementor-element elementor-element-18d878f elementor-widget elementor-widget-spacer\" data-id=\"18d878f\" data-element_type=\"widget\" data-e-type=\"widget\" data-widget_type=\"spacer.default\">\n\t\t\t\t<div class=\"elementor-widget-container\">\n\t\t\t\t\t\t\t<div class=\"elementor-spacer\">\n\t\t\t<div class=\"elementor-spacer-inner\"><\/div>\n\t\t<\/div>\n\t\t\t\t\t\t<\/div>\n\t\t\t\t<\/div>\n\t\t\t\t<section class=\"elementor-section elementor-inner-section elementor-element elementor-element-32ef6ab elementor-section-full_width elementor-section-height-min-height elementor-section-content-middle elementor-section-height-default\" data-id=\"32ef6ab\" data-element_type=\"section\" data-e-type=\"section\">\n\t\t\t\t\t\t<div class=\"elementor-container elementor-column-gap-default\">\n\t\t\t\t\t<div class=\"elementor-column elementor-col-100 elementor-inner-column elementor-element elementor-element-cf66a9c\" data-id=\"cf66a9c\" data-element_type=\"column\" data-e-type=\"column\" data-settings=\"{&quot;background_background&quot;:&quot;classic&quot;}\">\n\t\t\t<div class=\"elementor-widget-wrap elementor-element-populated\">\n\t\t\t\t\t<div class=\"elementor-background-overlay\"><\/div>\n\t\t\t\t\t\t<div class=\"elementor-element elementor-element-c216247 animated-slow elementor-invisible elementor-widget elementor-widget-heading\" data-id=\"c216247\" data-element_type=\"widget\" data-e-type=\"widget\" data-settings=\"{&quot;_animation&quot;:&quot;fadeInUp&quot;}\" data-widget_type=\"heading.default\">\n\t\t\t\t<div class=\"elementor-widget-container\">\n\t\t\t\t\t<h2 class=\"elementor-heading-title elementor-size-default\">Acheter un Bateau avec Bourniquel Yachts<\/h2>\t\t\t\t<\/div>\n\t\t\t\t<\/div>\n\t\t\t\t<div class=\"elementor-element elementor-element-cb35b78 elementor-widget elementor-widget-text-editor\" data-id=\"cb35b78\" data-element_type=\"widget\" data-e-type=\"widget\" data-widget_type=\"text-editor.default\">\n\t\t\t\t<div class=\"elementor-widget-container\">\n\t\t\t\t\t\t\t\t\t<p><strong>Trouver le yacht parfait est une operation importante qui n\u00e9cessite une expertise pointue. Nous vous accompagnons \u00e0 chaque \u00e9tape de votre projet :<\/strong><\/p><p>\u2714 S\u00e9lection rigoureuse\u00a0<strong>du yacht adapt\u00e9 \u00e0 vos go\u00fbts, \u00e0 vos besoins et \u00e0 votre projet<\/strong><br data-start=\"72\" data-end=\"75\" \/>\u2714\u00a0<strong data-start=\"77\" data-end=\"91\">Visite du bateau<\/strong><br data-start=\"91\" data-end=\"94\" \/>\u2714\u00a0<strong data-start=\"96\" data-end=\"111\">N\u00e9gociation<\/strong>\u00a0des meilleures conditions<br data-start=\"134\" data-end=\"137\" \/>\u2714\u00a0<strong data-start=\"139\" data-end=\"174\">R\u00e9daction du compromis de vente<\/strong><br data-start=\"174\" data-end=\"177\" \/>\u2714\u00a0<strong data-start=\"179\" data-end=\"204\">S\u00e9curisation de votre acompt<\/strong>e sur un compte s\u00e9questre jusqu\u2019\u00e0 la livraison du bateau<br data-start=\"251\" data-end=\"254\" \/>\u2714\u00a0<strong data-start=\"256\" data-end=\"315\">Inspection technique, expertise maritime et essai en mer<\/strong><br data-start=\"315\" data-end=\"318\" \/>\u2714\u00a0<strong data-start=\"320\" data-end=\"352\">S\u00e9curisation du solde du prix<\/strong>\u00a0sur un compte s\u00e9questre jusqu\u2019\u00e0 la livraison du bateau<br data-start=\"399\" data-end=\"402\" \/>\u2714\u00a0<strong data-start=\"2\" data-end=\"50\">Fourniture de tous les documents n\u00e9cessaires<\/strong>\u00a0pour le transfert de propri\u00e9t\u00e9<br data-start=\"135\" data-end=\"138\" \/>\u2714\u00a0<strong data-start=\"140\" data-end=\"164\">D\u00e9blocage<\/strong>\u00a0des fonds du compte s\u00e9questre et paiement au vendeur<br data-start=\"596\" data-end=\"599\" \/>\u2714<strong data-start=\"601\" data-end=\"633\">\u00a0Livraison\u00a0et<\/strong>\u00a0prise en main du bateau<\/p>\t\t\t\t\t\t\t\t<\/div>\n\t\t\t\t<\/div>\n\t\t\t\t<div class=\"elementor-element elementor-element-6f2150c animated-slow elementor-invisible elementor-widget elementor-widget-heading\" data-id=\"6f2150c\" data-element_type=\"widget\" data-e-type=\"widget\" data-settings=\"{&quot;_animation&quot;:&quot;fadeInUp&quot;}\" data-widget_type=\"heading.default\">\n\t\t\t\t<div class=\"elementor-widget-container\">\n\t\t\t\t\t<h4 class=\"elementor-heading-title elementor-size-default\">D\u00e9couvrez d\u00e8s aujourd\u2019hui notre s\u00e9lection de \"Bateaux \u00e0 Vendre\" et laissez Bourniquel Yachts vous guider vers votre prochaine aventure en mer !<\/h4>\t\t\t\t<\/div>\n\t\t\t\t<\/div>\n\t\t\t\t<div class=\"elementor-element elementor-element-b54b302 elementor-align-center animated-slow elementor-invisible elementor-widget elementor-widget-button\" data-id=\"b54b302\" data-element_type=\"widget\" data-e-type=\"widget\" data-settings=\"{&quot;_animation&quot;:&quot;fadeInUp&quot;}\" data-widget_type=\"button.default\">\n\t\t\t\t<div class=\"elementor-widget-container\">\n\t\t\t\t\t\t\t\t\t<div class=\"elementor-button-wrapper\">\n\t\t\t\t\t<a class=\"elementor-button elementor-button-link elementor-size-sm\" href=\"https:\/\/byacht.com\/fr\/bateaux-a-vendre\/\">\n\t\t\t\t\t\t<span class=\"elementor-button-content-wrapper\">\n\t\t\t\t\t\t\t\t\t<span class=\"elementor-button-text\">Voir les bateaux \u00e0 vendre<\/span>\n\t\t\t\t\t<\/span>\n\t\t\t\t\t<\/a>\n\t\t\t\t<\/div>\n\t\t\t\t\t\t\t\t<\/div>\n\t\t\t\t<\/div>\n\t\t\t\t\t<\/div>\n\t\t<\/div>\n\t\t\t\t\t<\/div>\n\t\t<\/section>\n\t\t\t\t\t<\/div>\n\t\t<\/div>\n\t\t\t\t\t<\/div>\n\t\t<\/section>\n\t\t\t\t<\/div>\n\t\t","protected":false},"excerpt":{"rendered":"<p>read-email-at info@byacht.com \u00c0 PROPOS \u2013 Bourniquel Yachts | Vente de Yachts Un Expert de la Vente de Yachts \u00e0 Votre Service Depuis plus de 25 ans, Bourniquel Yachts s\u2019impose comme une r\u00e9f\u00e9rence dans le courtage de yachts de luxe.\u00a0Fort de\u00a0notre comp\u00e9tence et de notre rayonnement international, nous accompagnons acheteurs et vendeurs dans toutes les \u00e9tapes [&hellip;]<\/p>\n","protected":false},"author":1,"featured_media":0,"parent":0,"menu_order":0,"comment_status":"closed","ping_status":"closed","template":"elementor_header_footer","meta":{"footnotes":""},"categories":[],"tags":[],"class_list":["post-45457","page","type-page","status-publish","hentry"],"_links":{"self":[{"href":"https:\/\/byacht.com\/fr\/wp-json\/wp\/v2\/pages\/45457","targetHints":{"allow":["GET"]}}],"collection":[{"href":"https:\/\/byacht.com\/fr\/wp-json\/wp\/v2\/pages"}],"about":[{"href":"https:\/\/byacht.com\/fr\/wp-json\/wp\/v2\/types\/page"}],"author":[{"embeddable":true,"href":"https:\/\/byacht.com\/fr\/wp-json\/wp\/v2\/users\/1"}],"replies":[{"embeddable":true,"href":"https:\/\/byacht.com\/fr\/wp-json\/wp\/v2\/comments?post=45457"}],"version-history":[{"count":6,"href":"https:\/\/byacht.com\/fr\/wp-json\/wp\/v2\/pages\/45457\/revisions"}],"predecessor-version":[{"id":109398,"href":"https:\/\/byacht.com\/fr\/wp-json\/wp\/v2\/pages\/45457\/revisions\/109398"}],"wp:attachment":[{"href":"https:\/\/byacht.com\/fr\/wp-json\/wp\/v2\/media?parent=45457"}],"wp:term":[{"taxonomy":"category","embeddable":true,"href":"https:\/\/byacht.com\/fr\/wp-json\/wp\/v2\/categories?post=45457"},{"taxonomy":"post_tag","embeddable":true,"href":"https:\/\/byacht.com\/fr\/wp-json\/wp\/v2\/tags?post=45457"}],"curies":[{"name":"wp","href":"https:\/\/api.w.org\/{rel}","templated":true}]}}