{"id":50046,"date":"2025-01-24T13:26:24","date_gmt":"2025-01-24T13:26:24","guid":{"rendered":"https:\/\/new.byacht.com\/?page_id=50046"},"modified":"2025-03-04T09:24:46","modified_gmt":"2025-03-04T09:24:46","slug":"mentions-legales","status":"publish","type":"page","link":"https:\/\/byacht.com\/fr\/mentions-legales\/","title":{"rendered":"Mentions L\u00e9gales"},"content":{"rendered":"\t\t<div data-elementor-type=\"wp-page\" data-elementor-id=\"50046\" class=\"elementor elementor-50046 elementor-44338\">\n\t\t\t\t<div class=\"elementor-element elementor-element-276ec72 e-flex e-con-boxed e-con e-parent\" data-id=\"276ec72\" data-element_type=\"container\" data-e-type=\"container\" data-settings=\"{&quot;background_background&quot;:&quot;classic&quot;}\">\n\t\t\t\t\t<div class=\"e-con-inner\">\n\t\t\t\t\t<\/div>\n\t\t\t\t<\/div>\n\t\t<div class=\"elementor-element elementor-element-61c04c4 e-flex e-con-boxed e-con e-parent\" data-id=\"61c04c4\" data-element_type=\"container\" data-e-type=\"container\">\n\t\t\t\t\t<div class=\"e-con-inner\">\n\t\t\t\t<div class=\"elementor-element elementor-element-2eed865 elementor-widget elementor-widget-houzez_elementor_space\" data-id=\"2eed865\" data-element_type=\"widget\" data-e-type=\"widget\" data-widget_type=\"houzez_elementor_space.default\">\n\t\t\t\t<div class=\"elementor-widget-container\">\n\t\t\t\t\t        <div class=\"houzez-spacer\">\n            <div class=\"houzez-spacer-inner\"><\/div>\n        <\/div>\n        \t\t\t\t<\/div>\n\t\t\t\t<\/div>\n\t\t\t\t<div class=\"elementor-element elementor-element-32515cf elementor-widget elementor-widget-houzez_elementor_section_title\" data-id=\"32515cf\" data-element_type=\"widget\" data-e-type=\"widget\" data-widget_type=\"houzez_elementor_section_title.default\">\n\t\t\t\t<div class=\"elementor-widget-container\">\n\t\t\t\t\t            <div class=\"houzez_section_title_wrap section-title-module\">\n                                    <h2 class=\"houzez_section_title\">Mentions L\u00e9gales<\/h2>\n                \n                            <\/div>\n            \t\t\t\t<\/div>\n\t\t\t\t<\/div>\n\t\t\t\t<div class=\"elementor-element elementor-element-fde883c elementor-widget elementor-widget-houzez_elementor_space\" data-id=\"fde883c\" data-element_type=\"widget\" data-e-type=\"widget\" data-widget_type=\"houzez_elementor_space.default\">\n\t\t\t\t<div class=\"elementor-widget-container\">\n\t\t\t\t\t        <div class=\"houzez-spacer\">\n            <div class=\"houzez-spacer-inner\"><\/div>\n        <\/div>\n        \t\t\t\t<\/div>\n\t\t\t\t<\/div>\n\t\t\t\t<div class=\"elementor-element elementor-element-c2a6781 elementor-widget elementor-widget-text-editor\" data-id=\"c2a6781\" data-element_type=\"widget\" data-e-type=\"widget\" data-widget_type=\"text-editor.default\">\n\t\t\t\t<div class=\"elementor-widget-container\">\n\t\t\t\t\t\t\t\t\t<p><b>Mentions L\u00e9gales et Conditions d&#8217;Utilisation\u00a0<\/b><\/p><p><span style=\"font-weight: 400;\"><br \/><\/span><span style=\"font-weight: 400;\">Le site byacht.com est la propri\u00e9t\u00e9 de la soci\u00e9t\u00e9 Bourniquel Yachts.<\/span><span style=\"font-weight: 400;\"><br \/><\/span><span style=\"font-weight: 400;\"><br \/><\/span><span style=\"font-weight: 400;\">Nous nous r\u00e9servons le droit de modifier nos &#8220;<\/span> <span style=\"font-weight: 400;\">Mentions L\u00e9gales et Conditions d&#8217;Utilisation&#8221; \u00e0 tout moment. Bourniquel Yachts vous invite \u00e0 consulter r\u00e9guli\u00e8rement ces <\/span><span style=\"font-weight: 400;\">Conditions d&#8217;Utilisation <\/span><span style=\"font-weight: 400;\">pour rester inform\u00e9 des \u00e9ventuelles mises \u00e0 jour.\u00a0<\/span><\/p><ol><li><span style=\"font-weight: 400;\"> \u00c9diteur du site : Le site Bourniquel Yachts est \u00e9dit\u00e9 par la soci\u00e9t\u00e9 Bourniquel Yachts, immatricul\u00e9e sous le num\u00e9ro SIRET <\/span><span style=\"font-weight: 400;\">438\u00a0777 757<\/span><span style=\"font-weight: 400;\"> , dont le si\u00e8ge social est situ\u00e9 au <\/span><span style=\"font-weight: 400;\">83 avenue de la libert\u00e9 \u2013 06220 Golfe Juan &#8211; France.\u00a0\u00a0<\/span><\/li><li><span style=\"font-weight: 400;\"> Directeur de la publication\u00a0<\/span><b>:<\/b><span style=\"font-weight: 400;\"> Le directeur de la publication est Didier Bourniquel, en sa qualit\u00e9 de <\/span><span style=\"font-weight: 400;\">G\u00e9rant.\u00a0<\/span><\/li><li><span style=\"font-weight: 400;\"> H\u00e9bergement du site\u00a0<\/span><b>:<\/b><span style=\"font-weight: 400;\"> Le site est h\u00e9berg\u00e9 par <\/span><span style=\"font-weight: 400;\">SAS OVH<\/span><span style=\"font-weight: 400;\">, dont le si\u00e8ge social est situ\u00e9 <\/span><span style=\"font-weight: 400;\">au 2 rue Kellermann \u2013 59100 Roubaix \u2013 France.\u00a0<\/span><\/li><li><span style=\"font-weight: 400;\"> Cr\u00e9ation du site\u00a0<\/span><b>:<\/b><span style=\"font-weight: 400;\"> Le site a \u00e9t\u00e9 cr\u00e9\u00e9 par Sylvain Neugnot.<\/span><\/li><li><span style=\"font-weight: 400;\"> Propri\u00e9t\u00e9 intellectuelle\u00a0<\/span><b>:<\/b><span style=\"font-weight: 400;\"> L\u2019ensemble du contenu pr\u00e9sent sur ce site (textes, <\/span><span style=\"font-weight: 400;\">graphismes, <\/span><span style=\"font-weight: 400;\">images, <\/span><span style=\"font-weight: 400;\">photos, vid\u00e9os,<\/span><span style=\"font-weight: 400;\"> logos, ic\u00f4nes, etc<\/span><b>\u2026<\/b><span style=\"font-weight: 400;\">) est la propri\u00e9t\u00e9 exclusive de Bourniquel Yachts ou de tiers ayant autoris\u00e9 leur utilisation. Toute reproduction, repr\u00e9sentation, modification, publication ou adaptation de tout ou partie des \u00e9l\u00e9ments de ce site, quel que soit le moyen ou le proc\u00e9d\u00e9 utilis\u00e9, est interdite sans l\u2019autorisation \u00e9crite pr\u00e9alable de Bourniquel Yachts.<\/span><\/li><li><span style=\"font-weight: 400;\"> Contenu du site\u00a0<\/span><b>:<\/b><span style=\"font-weight: 400;\"> Le site byacht.com peut contenir des inexactitudes, des informations obsol\u00e8tes ou d\u2019autres erreurs. Bourniquel Yachts ne garantit pas l\u2019exactitude ou l\u2019exhaustivit\u00e9 du contenu et il appartient aux utilisateurs de v\u00e9rifier la validit\u00e9 des informations fournies. L\u2019utilisation des informations du site est sous la seule responsabilit\u00e9 du visiteur.<\/span><\/li><\/ol><p><span style=\"font-weight: 400;\">BOURNIQUEL YACHTS N\u2019OFFRE AUCUNE GARANTIE EXPRESSE OU IMPLICITE QUANT \u00c0 L\u2019EXACTITUDE, LA FIABILIT\u00c9 OU LA DISPONIBILIT\u00c9 DU CONTENU DE BYACHT.COM.<\/span><\/p><ol start=\"7\"><li><span style=\"font-weight: 400;\"> Restrictions d\u2019utilisation\u00a0<\/span><b>:<\/b><span style=\"font-weight: 400;\"> Les utilisateurs du site byacht.com s\u2019engagent \u00e0 ne pas :<\/span><\/li><\/ol><p><span style=\"font-weight: 400;\">\u00b0 Publier, partager ou transmettre du contenu prot\u00e9g\u00e9 par des droits de propri\u00e9t\u00e9 <\/span><span style=\"font-weight: 400;\"><br \/><\/span><span style=\"font-weight: 400;\">\u00a0 intellectuelle sans autorisation appropri\u00e9e.<\/span><\/p><p><span style=\"font-weight: 400;\">\u00b0 Diffuser de fausses informations ou des contenus trompeurs.<\/span><\/p><p><span style=\"font-weight: 400;\">\u00b0 Propager du contenu contenant des virus, des logiciels malveillants ou d\u2019autres <\/span><span style=\"font-weight: 400;\"><br \/><\/span><span style=\"font-weight: 400;\">\u00a0 \u00e9l\u00e9ments pouvant perturber le fonctionnement du site.<\/span><\/p><p><span style=\"font-weight: 400;\">\u00b0 Utiliser le site \u00e0 des fins commerciales ou pour aider une entreprise concurrente.<\/span><\/p><p><span style=\"font-weight: 400;\">\u00b0 Usurper l\u2019identit\u00e9 d\u2019une autre personne ou se faire passer pour un repr\u00e9sentant de <\/span><span style=\"font-weight: 400;\"><br \/><\/span><span style=\"font-weight: 400;\">\u00a0 Bourniquel Yachts.<\/span><\/p><ol start=\"8\"><li><span style=\"font-weight: 400;\"> Confidentialit\u00e9 et Protection des Donn\u00e9es Personnelles\u00a0<\/span><b>:<\/b><span style=\"font-weight: 400;\"> Les informations collect\u00e9es sur ce site font l\u2019objet d\u2019un traitement informatique <\/span> <span style=\"font-weight: 400;\">interne<\/span><span style=\"font-weight: 400;\">. Pour plus d\u2019informations sur le traitement de vos donn\u00e9es personnelles, veuillez consulter notre Politique de Confidentialit\u00e9.\u00a0<\/span><\/li><li><span style=\"font-weight: 400;\"> Cookies\u00a0<\/span><b>:<\/b><span style=\"font-weight: 400;\"> Ce site utilise des cookies afin d\u2019am\u00e9liorer l\u2019exp\u00e9rience utilisateur et d\u2019analyser le trafic. Pour en savoir plus, consultez notre Politique des Cookies.<\/span><\/li><li><span style=\"font-weight: 400;\"> Limitation de Responsabilit\u00e9\u00a0<\/span><b>:<\/b><span style=\"font-weight: 400;\"> EN AUCUN CAS, BOURNIQUEL YACHTS, SES DIRIGEANTS, EMPLOY\u00c9S, CONTRACTANTS, FOURNISSEURS OU AGENTS NE PEUVENT \u00caTRE TENUS RESPONSABLES DES DOMMAGES DIRECTS OU INDIRECTS R\u00c9SULTANT DE L\u2019UTILISATION DU SITE <\/span><span style=\"font-weight: 400;\">BYACHT.COM<\/span><span style=\"font-weight: 400;\">, Y COMPRIS MAIS SANS S\u2019Y LIMITER, LES PERTES DE PROFITS, INTERRUPTIONS D\u2019ACTIVIT\u00c9 OU PERTES DE DONN\u00c9ES.<\/span><\/li><li><span style=\"font-weight: 400;\"> Indemnisation\u00a0<\/span><b>:<\/b><span style=\"font-weight: 400;\"> En utilisant byacht.com, vous acceptez d\u2019indemniser et de d\u00e9gager de toute responsabilit\u00e9 Bourniquel Yachts, ses dirigeants, employ\u00e9s, contractants et affili\u00e9s contre toute r\u00e9clamation r\u00e9sultant de :<\/span><\/li><\/ol><p><span style=\"font-weight: 400;\">\u00b0 Toute information que vous avez publi\u00e9e, t\u00e9l\u00e9charg\u00e9e ou fournie <\/span><span style=\"font-weight: 400;\">\u00e0 <\/span><span style=\"font-weight: 400;\"><br \/><\/span><span style=\"font-weight: 400;\">\u00a0 Bourniquel Yachts.<\/span><\/p><p><span style=\"font-weight: 400;\">\u00b0 Des fausses informations, omissions ou n\u00e9gligences de votre part.<\/span><\/p><p><span style=\"font-weight: 400;\">\u00b0 Toute r\u00e9clamation d\u00e9coulant de l\u2019utilisation de byacht.com et de son contenu.\u00a0<\/span><\/p><ol start=\"12\"><li><span style=\"font-weight: 400;\"> Liens externes\u00a0<\/span><b>:<\/b><span style=\"font-weight: 400;\"> Le site byacht.com peut contenir des liens vers des sites externes. Bourniquel Yachts ne fait aucune <\/span><span style=\"font-weight: 400;\">garantie<\/span><span style=\"font-weight: 400;\"> quant au contenu, \u00e0 la propri\u00e9t\u00e9 ou \u00e0 la l\u00e9galit\u00e9 de ces sites tiers et d\u00e9cline toute responsabilit\u00e9 quant \u00e0 leur contenu.<\/span><\/li><li><span style=\"font-weight: 400;\"> Droit applicable et juridiction comp\u00e9tente\u00a0<\/span><b>:<\/b><span style=\"font-weight: 400;\"> En utilisant byacht.com, vous acceptez que <\/span><span style=\"font-weight: 400;\">ce<\/span><span style=\"font-weight: 400;\"> site soit r\u00e9gi par le droit fran\u00e7ais. Tout litige sera soumis exclusivement aux tribunaux de Nice, <\/span><span style=\"font-weight: 400;\">en<\/span><span style=\"font-weight: 400;\"> France.<\/span><\/li><li><span style=\"font-weight: 400;\"> Droits d\u2019auteur\u00a0<\/span><b>: <\/b><span style=\"font-weight: 400;\">L\u2019ensemble des contenus, noms de domaine, textes, photos, <\/span><span style=\"font-weight: 400;\">vid\u00e9os<\/span><span style=\"font-weight: 400;\"> et logos figurant sur byacht.com sont la propri\u00e9t\u00e9 de Bourniquel Yachts. Vous ne pouvez pas utiliser ces marques sans le consentement \u00e9crit pr\u00e9alable de Bourniquel Yachts.<\/span><\/li><li><span style=\"font-weight: 400;\"> Contact\u00a0<\/span><b>: <\/b><span style=\"font-weight: 400;\">Pour toute question concernant ces conditions, vous pouvez nous contacter \u00e0 l\u2019adresse suivante : info@byacht.com.<\/span><\/li><\/ol><p><span style=\"font-weight: 400;\">\u00a0\u00a0\u00a0\u00a0info@byacht.com<\/span><\/p><p><span style=\"font-weight: 400;\">\u00a0\u00a0\u00a0\u00a0Site Web <\/span><\/p>\t\t\t\t\t\t\t\t<\/div>\n\t\t\t\t<\/div>\n\t\t\t\t\t<\/div>\n\t\t\t\t<\/div>\n\t\t\t\t<\/div>\n\t\t","protected":false},"excerpt":{"rendered":"<p>Mentions L\u00e9gales Mentions L\u00e9gales et Conditions d&#8217;Utilisation\u00a0 Le site byacht.com est la propri\u00e9t\u00e9 de la soci\u00e9t\u00e9 Bourniquel Yachts. Nous nous r\u00e9servons le droit de modifier nos &#8221; Mentions L\u00e9gales et Conditions d&#8217;Utilisation&#8221; \u00e0 tout moment. Bourniquel Yachts vous invite \u00e0 consulter r\u00e9guli\u00e8rement ces Conditions d&#8217;Utilisation pour rester inform\u00e9 des \u00e9ventuelles mises \u00e0 jour.\u00a0 \u00c9diteur du [&hellip;]<\/p>\n","protected":false},"author":2,"featured_media":0,"parent":0,"menu_order":0,"comment_status":"closed","ping_status":"closed","template":"elementor_header_footer","meta":{"footnotes":""},"categories":[],"tags":[],"class_list":["post-50046","page","type-page","status-publish","hentry"],"_links":{"self":[{"href":"https:\/\/byacht.com\/fr\/wp-json\/wp\/v2\/pages\/50046","targetHints":{"allow":["GET"]}}],"collection":[{"href":"https:\/\/byacht.com\/fr\/wp-json\/wp\/v2\/pages"}],"about":[{"href":"https:\/\/byacht.com\/fr\/wp-json\/wp\/v2\/types\/page"}],"author":[{"embeddable":true,"href":"https:\/\/byacht.com\/fr\/wp-json\/wp\/v2\/users\/2"}],"replies":[{"embeddable":true,"href":"https:\/\/byacht.com\/fr\/wp-json\/wp\/v2\/comments?post=50046"}],"version-history":[{"count":6,"href":"https:\/\/byacht.com\/fr\/wp-json\/wp\/v2\/pages\/50046\/revisions"}],"predecessor-version":[{"id":109181,"href":"https:\/\/byacht.com\/fr\/wp-json\/wp\/v2\/pages\/50046\/revisions\/109181"}],"wp:attachment":[{"href":"https:\/\/byacht.com\/fr\/wp-json\/wp\/v2\/media?parent=50046"}],"wp:term":[{"taxonomy":"category","embeddable":true,"href":"https:\/\/byacht.com\/fr\/wp-json\/wp\/v2\/categories?post=50046"},{"taxonomy":"post_tag","embeddable":true,"href":"https:\/\/byacht.com\/fr\/wp-json\/wp\/v2\/tags?post=50046"}],"curies":[{"name":"wp","href":"https:\/\/api.w.org\/{rel}","templated":true}]}}